{"id":646,"date":"2021-01-22T13:08:05","date_gmt":"2021-01-22T13:08:05","guid":{"rendered":"https:\/\/ostmanssnickeri.fi\/tietosuojakaytanto\/"},"modified":"2022-02-17T14:17:56","modified_gmt":"2022-02-17T14:17:56","slug":"tietosuojakaytanto","status":"publish","type":"page","link":"https:\/\/ostmanssnickeri.fi\/fi\/tietosuojakaytanto\/","title":{"rendered":"Tietosuojak\u00e4yt\u00e4nt\u00f6"},"content":{"rendered":"\t\t<div data-elementor-type=\"wp-page\" data-elementor-id=\"646\" class=\"elementor elementor-646 elementor-3\" data-elementor-post-type=\"page\">\n\t\t\t\t\t\t<section class=\"elementor-section elementor-top-section elementor-element elementor-element-636b9252 elementor-section-boxed elementor-section-height-default elementor-section-height-default\" data-id=\"636b9252\" data-element_type=\"section\" data-e-type=\"section\" data-settings=\"{&quot;background_background&quot;:&quot;classic&quot;}\">\n\t\t\t\t\t\t<div class=\"elementor-container elementor-column-gap-default\">\n\t\t\t\t\t<div class=\"elementor-column elementor-col-100 elementor-top-column elementor-element elementor-element-68ef601\" data-id=\"68ef601\" data-element_type=\"column\" data-e-type=\"column\">\n\t\t\t<div class=\"elementor-widget-wrap elementor-element-populated\">\n\t\t\t\t\t\t<div class=\"elementor-element elementor-element-6c10dc65 elementor-widget elementor-widget-text-editor\" data-id=\"6c10dc65\" data-element_type=\"widget\" data-e-type=\"widget\" data-widget_type=\"text-editor.default\">\n\t\t\t\t<div class=\"elementor-widget-container\">\n\t\t\t\t\t\t\t\t\t<h2><strong>Keit\u00e4 olemme<\/strong><\/h2>\r\n\u00d6stmans Snickeri\r\nK\u00e4ttalotintie 17,\r\n66640 Maxmo\r\nPuhelin 06 3451 211\r\n<h2><strong>Media<\/strong><\/h2>\r\nJos lataat kuvia verkkosivustolle, sinun tulee v\u00e4ltt\u00e4\u00e4 lataamasta kuvia, joissa EXIF-tiedot sis\u00e4lt\u00e4v\u00e4t tietoja GPS-sijainnista. Sivuston vierailijat voivat ladata ja hakea kaikki paikannustiedot verkkosivustolla olevista kuvista.\r\n<h2><strong>Cookiet<\/strong><\/h2>\r\nJos j\u00e4t\u00e4t kommentin verkkosivuillemme, voit tallentaa nimesi, s\u00e4hk\u00f6postiosoitteesi ja verkkosivuston osoitteesi ev\u00e4steisiin. T\u00e4m\u00e4 on avuksesi, jotta sinun ei tarvitse t\u00e4ytt\u00e4\u00e4 n\u00e4it\u00e4 tietoja uudelleen seuraavan kerran, kun kirjoitat kommentin. N\u00e4m\u00e4 ev\u00e4steet ovat voimassa yhden vuoden.\r\n\r\nJos vierailet kirjautumissivullamme, asetamme v\u00e4liaikaisen ev\u00e4steen tarkistaaksemme, hyv\u00e4ksyyk\u00f6 selaimesi ne. T\u00e4m\u00e4 ev\u00e4ste ei sis\u00e4ll\u00e4 henkil\u00f6kohtaisia \u200b\u200btietoja ja se katoaa, kun suljet selaimesi.\r\n\r\nKun kirjaudut sis\u00e4\u00e4n, luomme my\u00f6s useita ev\u00e4steit\u00e4, jotka tallentavat tietoja kirjautumisestasi ja valinnoistasi n\u00e4yt\u00f6n asettelun suunnittelussa. Kirjautumisev\u00e4steet ovat voimassa kaksi p\u00e4iv\u00e4\u00e4 ja asettelun valintaev\u00e4steet vuoden. Jos valitset &#8221;Muista minut&#8221;, ev\u00e4steesi s\u00e4ilyy kaksi viikkoa. Jos kirjaudut ulos tililt\u00e4si, kirjautumisev\u00e4steet poistetaan.\r\n\r\nJos muokkaat tai julkaiset artikkelin, selaimeesi tallennetaan ylim\u00e4\u00e4r\u00e4inen ev\u00e4stetiedosto. T\u00e4m\u00e4 ev\u00e4ste ei sis\u00e4ll\u00e4 henkil\u00f6kohtaisia \u200b\u200btietoja, vaan se osoittaa vain juuri muokkaamasi artikkelin viestitunnuksen. Se on voimassa yhden p\u00e4iv\u00e4n.\r\n<h2><strong><span class=\"Y2IQFc\" lang=\"fi\">Upotettu sis\u00e4lt\u00f6 muilta sivustoilta<\/span><\/strong><\/h2>\r\nT\u00e4m\u00e4n sivuston artikkelit voivat sis\u00e4lt\u00e4\u00e4 upotettua sis\u00e4lt\u00f6\u00e4 (kuten videoita, kuvia, artikkeleita jne.). Muiden verkkosivustojen upotettu sis\u00e4lt\u00f6 k\u00e4ytt\u00e4ytyy t\u00e4sm\u00e4lleen samalla tavalla kuin jos vierailija olisi vieraillut toisella verkkosivustolla.\r\n\r\nN\u00e4m\u00e4 verkkosivustot voivat ker\u00e4t\u00e4 tietoja sinusta, k\u00e4ytt\u00e4\u00e4 ev\u00e4steit\u00e4, upottaa ylim\u00e4\u00e4r\u00e4ist\u00e4 kolmannen osapuolen seurantaa ja seurata vuorovaikutustasi mainitun upotetun sis\u00e4ll\u00f6n kanssa, mukaan lukien vuorovaikutustasi t\u00e4m\u00e4n upotetun sis\u00e4ll\u00f6n kanssa, jos sinulla on tili ja olet kirjautunut kyseiselle verkkosivustolle.\r\n<h2><strong><span class=\"Y2IQFc\" lang=\"fi\">Kenen kanssa jaamme tietosi<\/span><\/strong><\/h2>\r\n<span class=\"Y2IQFc\" lang=\"fi\">Jos pyyd\u00e4t salasanan vaihtoa, IP-osoitteesi sis\u00e4llytet\u00e4\u00e4n palautusviestiin.<\/span>\r\n<h2><strong><span class=\"Y2IQFc\" lang=\"fi\">Lis\u00e4ys<\/span><\/strong><\/h2>\r\nWPML-k\u00e4\u00e4nn\u00f6stila tunnistaa ev\u00e4steiden avulla k\u00e4ytt\u00e4j\u00e4n nykyisen kielen, viimeksi k\u00e4ytetyt kielet ja viimeksi kirjautuneiden k\u00e4ytt\u00e4jien kielet.\r\n\r\nK\u00e4ytett\u00e4ess\u00e4 laajennusta WPML jakaa tietoja sivustosta Installerin kautta. K\u00e4ytt\u00e4j\u00e4n itsens\u00e4 tietoja ei jaeta.\r\n<h2><strong><span class=\"Y2IQFc\" lang=\"fi\">Kuinka kauan s\u00e4ilyt\u00e4mme tietojasi<\/span><\/strong><\/h2>\r\nJos kirjoitat kommentin, kommentti ja sen metatiedot s\u00e4ilyv\u00e4t toistaiseksi. Syyn\u00e4 t\u00e4h\u00e4n on se, ett\u00e4 meid\u00e4n on pystytt\u00e4v\u00e4 l\u00f6yt\u00e4m\u00e4\u00e4n ja hyv\u00e4ksym\u00e4\u00e4n jatkokommentit automaattisesti, emmek\u00e4 laita niit\u00e4 tarkistusjonoon.\r\n\r\nK\u00e4ytt\u00e4jille, jotka rekister\u00f6ityv\u00e4t verkkosivustollesi (jos sellaisia \u200b\u200bon), tallennamme my\u00f6s heid\u00e4n k\u00e4ytt\u00e4j\u00e4profiileihinsa antamansa henkil\u00f6kohtaiset tiedot. Kaikki k\u00e4ytt\u00e4j\u00e4t voivat tarkastella, muokata tai poistaa henkil\u00f6tietojaan milloin tahansa (paitsi, ett\u00e4 he eiv\u00e4t voi muuttaa k\u00e4ytt\u00e4j\u00e4tunnustaan). Sivuston yll\u00e4pit\u00e4j\u00e4t voivat my\u00f6s tarkastella ja muokata n\u00e4it\u00e4 tietoja.\r\n<h2><strong><span class=\"Y2IQFc\" lang=\"fi\">Mit\u00e4 oikeuksia sinulla on tietoihisi<\/span><\/strong><\/h2>\r\n<div id=\"tw-target-rmn-container\" class=\"tw-target-rmn tw-ta-container F0azHf tw-nfl\">\r\n<div id=\"tw-target-text-container\" class=\"tw-ta-container F0azHf tw-nfl\" tabindex=\"0\">\r\n<p class=\"tw-data-text tw-text-large tw-ta\" dir=\"ltr\" data-placeholder=\"\u00d6vers\u00e4ttning\"><span class=\"Y2IQFc\" lang=\"fi\">Jos sinulla on tili tai olet kirjoittanut kommentteja t\u00e4lle verkkosivustolle, voit pyyt\u00e4\u00e4 vientitiedostoa, joka sis\u00e4lt\u00e4\u00e4 henkil\u00f6tietosi, jotka meill\u00e4 on sinusta, mukaan lukien kaikki meille antamasi tiedot. Voit my\u00f6s pyyt\u00e4\u00e4, ett\u00e4 poistamme kaikki henkil\u00f6tiedot, jotka meill\u00e4 on sinusta. T\u00e4m\u00e4 ei sis\u00e4ll\u00e4 tietoja, jotka meid\u00e4n on tallennettava hallinnollisia, oikeudellisia tai turvallisuustarkoituksiin. <\/span><\/p>\r\n\r\n<h2 id=\"tw-target-text\" class=\"tw-data-text tw-text-large tw-ta\" dir=\"ltr\" data-placeholder=\"\u00d6vers\u00e4ttning\"><span class=\"Y2IQFc\" lang=\"fi\"><strong>Minne l\u00e4het\u00e4mme tietosi<\/strong> <\/span><\/h2>\r\n<p class=\"tw-data-text tw-text-large tw-ta\" dir=\"ltr\" data-placeholder=\"\u00d6vers\u00e4ttning\"><span class=\"Y2IQFc\" lang=\"fi\">Vierailijoiden kommentit voidaan tarkistaa automaattisen roskapostintunnistuspalvelun kautta.<\/span><\/p>\r\n<p id=\"tw-target-text\" class=\"tw-data-text tw-text-large tw-ta\" dir=\"ltr\" data-placeholder=\"\u00d6vers\u00e4ttning\"><span class=\"Y2IQFc\" lang=\"fi\">\u00a0<\/span><\/p>\r\n\r\n<\/div>\r\n<pre id=\"tw-target-rmn\" class=\"tw-data-placeholder tw-text-small tw-ta\" dir=\"ltr\" data-placeholder=\"\"><\/pre>\r\n<p id=\"tw-target-text\" class=\"tw-data-text tw-text-large tw-ta\" dir=\"ltr\" data-placeholder=\"\u00d6vers\u00e4ttning\"><strong><span class=\"Y2IQFc\" lang=\"fi\">\u00a0<\/span><\/strong><\/p>\r\n\r\n<\/div>\r\n<p id=\"tw-target-text\" class=\"tw-data-text tw-text-large tw-ta\" dir=\"ltr\" data-placeholder=\"\u00d6vers\u00e4ttning\"><strong><span class=\"Y2IQFc\" lang=\"fi\">\u00a0<\/span><\/strong><\/p>\r\n<p id=\"tw-target-text\" class=\"tw-data-text tw-text-large tw-ta\" dir=\"ltr\" data-placeholder=\"\u00d6vers\u00e4ttning\"><strong><span class=\"Y2IQFc\" lang=\"fi\">\u00a0<\/span><\/strong><\/p>\r\n<p id=\"tw-target-text\" class=\"tw-data-text tw-text-large tw-ta\" dir=\"ltr\" data-placeholder=\"\u00d6vers\u00e4ttning\"><strong><span class=\"Y2IQFc\" lang=\"fi\">\u00a0<\/span><\/strong><\/p>\r\n<p id=\"tw-target-text\" class=\"tw-data-text tw-text-large tw-ta\" dir=\"ltr\" data-placeholder=\"\u00d6vers\u00e4ttning\"><span class=\"Y2IQFc\" lang=\"fi\">\u00a0<\/span><\/p>\r\n<p id=\"tw-target-text\" class=\"tw-data-text tw-text-large tw-ta\" dir=\"ltr\" data-placeholder=\"\u00d6vers\u00e4ttning\"><\/p>\t\t\t\t\t\t\t\t<\/div>\n\t\t\t\t<\/div>\n\t\t\t\t\t<\/div>\n\t\t<\/div>\n\t\t\t\t\t<\/div>\n\t\t<\/section>\n\t\t\t\t<\/div>\n\t\t","protected":false},"excerpt":{"rendered":"<p>Keit\u00e4 olemme \u00d6stmans Snickeri K\u00e4ttalotintie 17, 66640 Maxmo Puhelin 06 3451 211 Media Jos lataat kuvia verkkosivustolle, sinun tulee v\u00e4ltt\u00e4\u00e4 lataamasta kuvia, joissa EXIF-tiedot sis\u00e4lt\u00e4v\u00e4t tietoja GPS-sijainnista. Sivuston vierailijat voivat ladata ja hakea kaikki paikannustiedot verkkosivustolla olevista kuvista. Cookiet Jos j\u00e4t\u00e4t kommentin verkkosivuillemme, voit tallentaa nimesi, s\u00e4hk\u00f6postiosoitteesi ja verkkosivuston osoitteesi ev\u00e4steisiin. T\u00e4m\u00e4 on avuksesi, jotta [&hellip;]<\/p>\n","protected":false},"author":1,"featured_media":0,"parent":0,"menu_order":0,"comment_status":"closed","ping_status":"open","template":"elementor_header_footer","meta":{"footnotes":""},"class_list":["post-646","page","type-page","status-publish","hentry"],"_links":{"self":[{"href":"https:\/\/ostmanssnickeri.fi\/fi\/wp-json\/wp\/v2\/pages\/646","targetHints":{"allow":["GET"]}}],"collection":[{"href":"https:\/\/ostmanssnickeri.fi\/fi\/wp-json\/wp\/v2\/pages"}],"about":[{"href":"https:\/\/ostmanssnickeri.fi\/fi\/wp-json\/wp\/v2\/types\/page"}],"author":[{"embeddable":true,"href":"https:\/\/ostmanssnickeri.fi\/fi\/wp-json\/wp\/v2\/users\/1"}],"replies":[{"embeddable":true,"href":"https:\/\/ostmanssnickeri.fi\/fi\/wp-json\/wp\/v2\/comments?post=646"}],"version-history":[{"count":5,"href":"https:\/\/ostmanssnickeri.fi\/fi\/wp-json\/wp\/v2\/pages\/646\/revisions"}],"predecessor-version":[{"id":847,"href":"https:\/\/ostmanssnickeri.fi\/fi\/wp-json\/wp\/v2\/pages\/646\/revisions\/847"}],"wp:attachment":[{"href":"https:\/\/ostmanssnickeri.fi\/fi\/wp-json\/wp\/v2\/media?parent=646"}],"curies":[{"name":"wp","href":"https:\/\/api.w.org\/{rel}","templated":true}]}}