{"id":655,"date":"2022-01-04T10:45:46","date_gmt":"2022-01-04T10:45:46","guid":{"rendered":"https:\/\/ostmanssnickeri.fi\/yhteistyokumppanit\/"},"modified":"2022-02-17T14:00:44","modified_gmt":"2022-02-17T14:00:44","slug":"yhteistyokumppanit","status":"publish","type":"page","link":"https:\/\/ostmanssnickeri.fi\/fi\/yhteistyokumppanit\/","title":{"rendered":"Yhteisty\u00f6kumppanit"},"content":{"rendered":"\t\t<div data-elementor-type=\"wp-page\" data-elementor-id=\"655\" class=\"elementor elementor-655 elementor-480\" data-elementor-post-type=\"page\">\n\t\t\t\t\t\t<section class=\"elementor-section elementor-top-section elementor-element elementor-element-6daae1f elementor-section-height-min-height elementor-section-boxed elementor-section-height-default elementor-section-items-middle\" data-id=\"6daae1f\" data-element_type=\"section\" data-e-type=\"section\" data-settings=\"{&quot;background_background&quot;:&quot;classic&quot;}\">\n\t\t\t\t\t\t<div class=\"elementor-container elementor-column-gap-default\">\n\t\t\t\t\t<div class=\"elementor-column elementor-col-100 elementor-top-column elementor-element elementor-element-5efd902\" data-id=\"5efd902\" data-element_type=\"column\" data-e-type=\"column\">\n\t\t\t<div class=\"elementor-widget-wrap elementor-element-populated\">\n\t\t\t\t\t\t<div class=\"elementor-element elementor-element-a0d1018 elementor-widget elementor-widget-heading\" data-id=\"a0d1018\" data-element_type=\"widget\" data-e-type=\"widget\" data-widget_type=\"heading.default\">\n\t\t\t\t<div class=\"elementor-widget-container\">\n\t\t\t\t\t<h1 class=\"elementor-heading-title elementor-size-default\">Meid\u00e4n yhteisty\u00f6kumppanimme<\/h1>\t\t\t\t<\/div>\n\t\t\t\t<\/div>\n\t\t\t\t<div class=\"elementor-element elementor-element-cf32095 elementor-widget elementor-widget-text-editor\" data-id=\"cf32095\" data-element_type=\"widget\" data-e-type=\"widget\" data-widget_type=\"text-editor.default\">\n\t\t\t\t<div class=\"elementor-widget-container\">\n\t\t\t\t\t\t\t\t\t<pre id=\"tw-target-text\" class=\"tw-data-text tw-text-large tw-ta\" dir=\"ltr\" data-placeholder=\"\u00d6vers\u00e4ttning\"><span class=\"Y2IQFc\" lang=\"fi\">Tutustu yhteisty\u00f6kumppaneihimme ja heid\u00e4n valikoimiinsa.<\/span><\/pre>\t\t\t\t\t\t\t\t<\/div>\n\t\t\t\t<\/div>\n\t\t\t\t<section class=\"elementor-section elementor-inner-section elementor-element elementor-element-a16ff0d elementor-section-boxed elementor-section-height-default elementor-section-height-default\" data-id=\"a16ff0d\" data-element_type=\"section\" data-e-type=\"section\" data-settings=\"{&quot;background_background&quot;:&quot;classic&quot;}\">\n\t\t\t\t\t\t<div class=\"elementor-container elementor-column-gap-default\">\n\t\t\t\t\t<div class=\"elementor-column elementor-col-100 elementor-inner-column elementor-element elementor-element-4262604\" data-id=\"4262604\" data-element_type=\"column\" data-e-type=\"column\">\n\t\t\t<div class=\"elementor-widget-wrap elementor-element-populated\">\n\t\t\t\t\t\t<div class=\"elementor-element elementor-element-1ed2e48 elementor-widget elementor-widget-text-editor\" data-id=\"1ed2e48\" data-element_type=\"widget\" data-e-type=\"widget\" data-widget_type=\"text-editor.default\">\n\t\t\t\t<div class=\"elementor-widget-container\">\n\t\t\t\t\t\t\t\t\t<ul>\r\n \t<li><a href=\"https:\/\/www.carlocasagrande.fi\/\">Carlo Casagrande<\/a><\/li>\r\n \t<li><a href=\"https:\/\/www.electroluxgroup.com\/en\/\">Electrolux<\/a><\/li>\r\n \t<li><a href=\"https:\/\/www.hahle.fi\/\">Hahle<\/a><\/li>\r\n \t<li><a href=\"https:\/\/helakeskus.fi\/\">Helakeskus<\/a><\/li>\r\n \t<li><a href=\"https:\/\/www.helatukku.com\/\">Helatukku<\/a><\/li>\r\n \t<li><a href=\"https:\/\/herrmans.fi\/sv\/\">Herrmans m\u00e5leri<\/a><\/li>\r\n \t<li><a href=\"https:\/\/www.lapetek.fi\/fi\/\">Lapetek<\/a><\/li>\r\n \t<li><a href=\"https:\/\/mirrorline.fi\/fi-fi\/\">Mirrorline<\/a><\/li>\r\n \t<li><a href=\"https:\/\/www.nerostein.fi\/\">Nerostein<\/a><\/li>\r\n \t<li><a href=\"https:\/\/savo.fi\/\">Savo<\/a><\/li>\r\n \t<li><a href=\"https:\/\/www.stala.fi\/\">Stala<\/a><\/li>\r\n \t<li><a href=\"https:\/\/www.tulikivi.fi\/tulikivi\/etusivu\">Tulikivi<\/a><\/li>\r\n \t<li><a href=\"https:\/\/www.otsoson.com\/\">Otsoson<\/a><\/li>\r\n \t<li><a href=\"http:\/\/www.padas-keittiot.fi\/\">Padas-keitti\u00f6t<\/a><\/li>\r\n<\/ul>\t\t\t\t\t\t\t\t<\/div>\n\t\t\t\t<\/div>\n\t\t\t\t\t<\/div>\n\t\t<\/div>\n\t\t\t\t\t<\/div>\n\t\t<\/section>\n\t\t\t\t\t<\/div>\n\t\t<\/div>\n\t\t\t\t\t<\/div>\n\t\t<\/section>\n\t\t\t\t<\/div>\n\t\t","protected":false},"excerpt":{"rendered":"<p>Meid\u00e4n yhteisty\u00f6kumppanimme Tutustu yhteisty\u00f6kumppaneihimme ja heid\u00e4n valikoimiinsa. Carlo Casagrande Electrolux Hahle Helakeskus Helatukku Herrmans m\u00e5leri Lapetek Mirrorline Nerostein Savo Stala Tulikivi Otsoson Padas-keitti\u00f6t<\/p>\n","protected":false},"author":1,"featured_media":0,"parent":0,"menu_order":0,"comment_status":"closed","ping_status":"closed","template":"elementor_header_footer","meta":{"footnotes":""},"class_list":["post-655","page","type-page","status-publish","hentry"],"_links":{"self":[{"href":"https:\/\/ostmanssnickeri.fi\/fi\/wp-json\/wp\/v2\/pages\/655","targetHints":{"allow":["GET"]}}],"collection":[{"href":"https:\/\/ostmanssnickeri.fi\/fi\/wp-json\/wp\/v2\/pages"}],"about":[{"href":"https:\/\/ostmanssnickeri.fi\/fi\/wp-json\/wp\/v2\/types\/page"}],"author":[{"embeddable":true,"href":"https:\/\/ostmanssnickeri.fi\/fi\/wp-json\/wp\/v2\/users\/1"}],"replies":[{"embeddable":true,"href":"https:\/\/ostmanssnickeri.fi\/fi\/wp-json\/wp\/v2\/comments?post=655"}],"version-history":[{"count":5,"href":"https:\/\/ostmanssnickeri.fi\/fi\/wp-json\/wp\/v2\/pages\/655\/revisions"}],"predecessor-version":[{"id":843,"href":"https:\/\/ostmanssnickeri.fi\/fi\/wp-json\/wp\/v2\/pages\/655\/revisions\/843"}],"wp:attachment":[{"href":"https:\/\/ostmanssnickeri.fi\/fi\/wp-json\/wp\/v2\/media?parent=655"}],"curies":[{"name":"wp","href":"https:\/\/api.w.org\/{rel}","templated":true}]}}