{"id":659,"date":"2021-06-14T18:39:11","date_gmt":"2021-06-14T18:39:11","guid":{"rendered":"https:\/\/ostmanssnickeri.fi\/tietoja-ostmans-snickeriesta\/"},"modified":"2024-01-12T12:20:53","modified_gmt":"2024-01-12T12:20:53","slug":"tietoja-ostmans-snickeriesta","status":"publish","type":"page","link":"https:\/\/ostmanssnickeri.fi\/fi\/tietoja-ostmans-snickeriesta\/","title":{"rendered":"Meist\u00e4"},"content":{"rendered":"\t\t<div data-elementor-type=\"wp-page\" data-elementor-id=\"659\" class=\"elementor elementor-659 elementor-297\" data-elementor-post-type=\"page\">\n\t\t\t\t\t\t<section class=\"elementor-section elementor-top-section elementor-element elementor-element-9cd8d2f elementor-section-height-min-height elementor-section-boxed elementor-section-height-default elementor-section-items-middle\" data-id=\"9cd8d2f\" data-element_type=\"section\" data-e-type=\"section\" data-settings=\"{&quot;background_background&quot;:&quot;classic&quot;}\">\n\t\t\t\t\t\t\t<div class=\"elementor-background-overlay\"><\/div>\n\t\t\t\t\t\t\t<div class=\"elementor-container elementor-column-gap-default\">\n\t\t\t\t\t<div class=\"elementor-column elementor-col-100 elementor-top-column elementor-element elementor-element-a446fe0\" data-id=\"a446fe0\" data-element_type=\"column\" data-e-type=\"column\">\n\t\t\t<div class=\"elementor-widget-wrap elementor-element-populated\">\n\t\t\t\t\t\t<div class=\"elementor-element elementor-element-8cc4469 elementor-widget elementor-widget-heading\" data-id=\"8cc4469\" data-element_type=\"widget\" data-e-type=\"widget\" data-widget_type=\"heading.default\">\n\t\t\t\t<div class=\"elementor-widget-container\">\n\t\t\t\t\t<h1 class=\"elementor-heading-title elementor-size-default\">\u00d6stmans Snickeri - pitk\u00e4 perinne laatukeitti\u00f6it\u00e4<\/h1>\t\t\t\t<\/div>\n\t\t\t\t<\/div>\n\t\t\t\t\t<\/div>\n\t\t<\/div>\n\t\t\t\t\t<\/div>\n\t\t<\/section>\n\t\t\t\t<section class=\"elementor-section elementor-top-section elementor-element elementor-element-49f08f0 elementor-section-boxed elementor-section-height-default elementor-section-height-default\" data-id=\"49f08f0\" data-element_type=\"section\" data-e-type=\"section\">\n\t\t\t\t\t\t<div class=\"elementor-container elementor-column-gap-default\">\n\t\t\t\t\t<div class=\"elementor-column elementor-col-100 elementor-top-column elementor-element elementor-element-4b03dbe\" data-id=\"4b03dbe\" data-element_type=\"column\" data-e-type=\"column\">\n\t\t\t<div class=\"elementor-widget-wrap elementor-element-populated\">\n\t\t\t\t\t\t<div class=\"elementor-element elementor-element-0cf4a8c elementor-widget elementor-widget-text-editor\" data-id=\"0cf4a8c\" data-element_type=\"widget\" data-e-type=\"widget\" data-widget_type=\"text-editor.default\">\n\t\t\t\t<div class=\"elementor-widget-container\">\n\t\t\t\t\t\t\t\t\t<p>Puusep\u00e4nliike \u00d6stmans Snickerin perustivat vuonna 1977 veljekset Tor ja Kaj \u00d6stman. Puusep\u00e4nty\u00f6n perinne oli vahva perheess\u00e4, sill\u00e4 veljien is\u00e4 oli veneenrakentaja ja kotona oli pieni puusep\u00e4n verstas. Lasikuituveneiden yleistymisen takia puuveneiden tulevaisuus ei n\u00e4ytt\u00e4nyt hyv\u00e4lt\u00e4. Siksi veljekset p\u00e4\u00e4ttiv\u00e4t ryhty\u00e4 valmistamaan keitti\u00f6kalusteita ja rakensivat tehtaan Torin tontille S\u00e4rkimoon. Tehtaan maine levisi seudulla ja pian oli molemmilla veljill\u00e4 k\u00e4det t\u00e4ynn\u00e4 ty\u00f6t\u00e4 tehtaassaan. Muutaman vuoden kuluttua ty\u00f6t\u00e4 jatkoi Tor vaimonsa Maritan kanssa kahdestaan ja vuonna 1989 yhti\u00f6muodoksi tuli osakeyhti\u00f6. Marita ty\u00f6skenteli tehtaalla el\u00e4kkeelle j\u00e4\u00e4miseens\u00e4 asti ja Tor jatkaa ty\u00f6skentely\u00e4 edelleen.<\/p>\n<p><br><br>Yhti\u00f6n nimi \u00d6stmans Snickeri on s\u00e4ilynyt, vaikka nyky\u00e4\u00e4n yhti\u00f6 on siirtynyt moderniin keitti\u00f6tuotantoon. K\u00e4sity\u00f6taito jatkuu vahvana ja siksi \u00d6stmans Snickeri voi tarjota t\u00e4ysin r\u00e4\u00e4t\u00e4l\u00f6ityj\u00e4 keitti\u00f6ratkaisuja &#8211; tuotanto tapahtuu edelleen Maksamaan saaristossa.<br><br>Nyky\u00e4\u00e4n yrityksen omistaa Torin poika Tonny \u00d6stman. Tonnyll\u00e4 on my\u00f6s pitk\u00e4 historia yrityksess\u00e4 \u2013 h\u00e4n on auttanut tehtaalla pienest\u00e4 pit\u00e4en kykyjens\u00e4 mukaan iltaisin ja loma-aikoina ja vuonna 1990 h\u00e4nest\u00e4 tuli tehtaan vakituinen ty\u00f6ntekij\u00e4. T\u00e4n\u00e4\u00e4n yritys ty\u00f6llist\u00e4\u00e4 kahdeksan henkil\u00f6\u00e4, Tonny ja Tor hoitavat myynnin ja Tonnyn vaimo Leena hallinnon ja talouden.<\/p>\n<p><br><br>\u00d6stmans Snickeriell\u00e4 olemme eritt\u00e4in ylpeit\u00e4 siit\u00e4, ett\u00e4 ty\u00f6ntekij\u00e4mme viihtyv\u00e4t hyvin ja pitk\u00e4\u00e4n ty\u00f6ss\u00e4\u00e4n. Pisimmill\u00e4\u00e4n jo 27 vuotta Snickerien palveluksessa. Kaikki ty\u00f6ntekij\u00e4mme ovat p\u00e4tevi\u00e4 ja koulutettuja toteuttamaan asiakkaan toiveita ja ideoita.<\/p>\n<p>&nbsp;<\/p>\n<p>&nbsp;<\/p>\n<p>&nbsp;<\/p>\n<p>&nbsp;<\/p>\t\t\t\t\t\t\t\t<\/div>\n\t\t\t\t<\/div>\n\t\t\t\t\t<\/div>\n\t\t<\/div>\n\t\t\t\t\t<\/div>\n\t\t<\/section>\n\t\t\t\t<section class=\"elementor-section elementor-top-section elementor-element elementor-element-66d4670e elementor-section-content-middle elementor-section-boxed elementor-section-height-default elementor-section-height-default\" data-id=\"66d4670e\" data-element_type=\"section\" data-e-type=\"section\">\n\t\t\t\t\t\t<div class=\"elementor-container elementor-column-gap-default\">\n\t\t\t\t\t<div class=\"elementor-column elementor-col-50 elementor-top-column elementor-element elementor-element-36e1bfbc\" data-id=\"36e1bfbc\" data-element_type=\"column\" data-e-type=\"column\">\n\t\t\t<div class=\"elementor-widget-wrap elementor-element-populated\">\n\t\t\t\t\t\t<section class=\"elementor-section elementor-inner-section elementor-element elementor-element-298bb722 elementor-section-height-min-height elementor-section-content-bottom elementor-section-boxed elementor-section-height-default\" data-id=\"298bb722\" data-element_type=\"section\" data-e-type=\"section\" data-settings=\"{&quot;background_background&quot;:&quot;classic&quot;}\">\n\t\t\t\t\t\t\t<div class=\"elementor-background-overlay\"><\/div>\n\t\t\t\t\t\t\t<div class=\"elementor-container elementor-column-gap-default\">\n\t\t\t\t\t<div class=\"elementor-column elementor-col-100 elementor-inner-column elementor-element elementor-element-18773b36\" data-id=\"18773b36\" data-element_type=\"column\" data-e-type=\"column\" data-settings=\"{&quot;background_background&quot;:&quot;classic&quot;}\">\n\t\t\t<div class=\"elementor-widget-wrap elementor-element-populated\">\n\t\t\t\t\t\t<div class=\"elementor-element elementor-element-e2b5442 elementor-widget elementor-widget-text-editor\" data-id=\"e2b5442\" data-element_type=\"widget\" data-e-type=\"widget\" data-widget_type=\"text-editor.default\">\n\t\t\t\t<div class=\"elementor-widget-container\">\n\t\t\t\t\t\t\t\t\t\u00d6stmans Snickeri sai vuoden 2021 yritys -palkinnon Pohjanmaan yritt\u00e4jilt\u00e4.\t\t\t\t\t\t\t\t<\/div>\n\t\t\t\t<\/div>\n\t\t\t\t\t<\/div>\n\t\t<\/div>\n\t\t\t\t\t<\/div>\n\t\t<\/section>\n\t\t\t\t\t<\/div>\n\t\t<\/div>\n\t\t\t\t<div class=\"elementor-column elementor-col-50 elementor-top-column elementor-element elementor-element-705aada4\" data-id=\"705aada4\" data-element_type=\"column\" data-e-type=\"column\" data-settings=\"{&quot;background_background&quot;:&quot;classic&quot;}\">\n\t\t\t<div class=\"elementor-widget-wrap elementor-element-populated\">\n\t\t\t\t\t\t<div class=\"elementor-element elementor-element-7a936542 elementor-widget elementor-widget-heading\" data-id=\"7a936542\" data-element_type=\"widget\" data-e-type=\"widget\" data-widget_type=\"heading.default\">\n\t\t\t\t<div class=\"elementor-widget-container\">\n\t\t\t\t\t<h1 class=\"elementor-heading-title elementor-size-default\">Tule k\u00e4ym\u00e4\u00e4n meill\u00e4  Maksamaalla! <\/h1>\t\t\t\t<\/div>\n\t\t\t\t<\/div>\n\t\t\t\t<div class=\"elementor-element elementor-element-267d8ff6 elementor-widget elementor-widget-text-editor\" data-id=\"267d8ff6\" data-element_type=\"widget\" data-e-type=\"widget\" data-widget_type=\"text-editor.default\">\n\t\t\t\t<div class=\"elementor-widget-container\">\n\t\t\t\t\t\t\t\t\tOlemme avoinna arkisin 8-16. Soita rohkeasti ja varaa aika suunnitteluun, se on aina ilmaista!\t\t\t\t\t\t\t\t<\/div>\n\t\t\t\t<\/div>\n\t\t\t\t<div class=\"elementor-element elementor-element-5b9d0abf elementor-align-left elementor-widget elementor-widget-button\" data-id=\"5b9d0abf\" data-element_type=\"widget\" data-e-type=\"widget\" data-widget_type=\"button.default\">\n\t\t\t\t<div class=\"elementor-widget-container\">\n\t\t\t\t\t\t\t\t\t<div class=\"elementor-button-wrapper\">\n\t\t\t\t\t<a class=\"elementor-button elementor-button-link elementor-size-xs\" href=\"https:\/\/ostmanssnickeri.fi\/fi\/yhteystiedot\/\">\n\t\t\t\t\t\t<span class=\"elementor-button-content-wrapper\">\n\t\t\t\t\t\t\t\t\t<span class=\"elementor-button-text\">YHTEYSTIEDOT<\/span>\n\t\t\t\t\t<\/span>\n\t\t\t\t\t<\/a>\n\t\t\t\t<\/div>\n\t\t\t\t\t\t\t\t<\/div>\n\t\t\t\t<\/div>\n\t\t\t\t\t<\/div>\n\t\t<\/div>\n\t\t\t\t\t<\/div>\n\t\t<\/section>\n\t\t\t\t<\/div>\n\t\t","protected":false},"excerpt":{"rendered":"<p>\u00d6stmans Snickeri &#8211; pitk\u00e4 perinne laatukeitti\u00f6it\u00e4 Puusep\u00e4nliike \u00d6stmans Snickerin perustivat vuonna 1977 veljekset Tor ja Kaj \u00d6stman. Puusep\u00e4nty\u00f6n perinne oli vahva perheess\u00e4, sill\u00e4 veljien is\u00e4 oli veneenrakentaja ja kotona oli pieni puusep\u00e4n verstas. Lasikuituveneiden yleistymisen takia puuveneiden tulevaisuus ei n\u00e4ytt\u00e4nyt hyv\u00e4lt\u00e4. Siksi veljekset p\u00e4\u00e4ttiv\u00e4t ryhty\u00e4 valmistamaan keitti\u00f6kalusteita ja rakensivat tehtaan Torin tontille S\u00e4rkimoon. Tehtaan maine [&hellip;]<\/p>\n","protected":false},"author":1,"featured_media":0,"parent":0,"menu_order":0,"comment_status":"closed","ping_status":"closed","template":"elementor_header_footer","meta":{"footnotes":""},"class_list":["post-659","page","type-page","status-publish","hentry"],"_links":{"self":[{"href":"https:\/\/ostmanssnickeri.fi\/fi\/wp-json\/wp\/v2\/pages\/659","targetHints":{"allow":["GET"]}}],"collection":[{"href":"https:\/\/ostmanssnickeri.fi\/fi\/wp-json\/wp\/v2\/pages"}],"about":[{"href":"https:\/\/ostmanssnickeri.fi\/fi\/wp-json\/wp\/v2\/types\/page"}],"author":[{"embeddable":true,"href":"https:\/\/ostmanssnickeri.fi\/fi\/wp-json\/wp\/v2\/users\/1"}],"replies":[{"embeddable":true,"href":"https:\/\/ostmanssnickeri.fi\/fi\/wp-json\/wp\/v2\/comments?post=659"}],"version-history":[{"count":5,"href":"https:\/\/ostmanssnickeri.fi\/fi\/wp-json\/wp\/v2\/pages\/659\/revisions"}],"predecessor-version":[{"id":1198,"href":"https:\/\/ostmanssnickeri.fi\/fi\/wp-json\/wp\/v2\/pages\/659\/revisions\/1198"}],"wp:attachment":[{"href":"https:\/\/ostmanssnickeri.fi\/fi\/wp-json\/wp\/v2\/media?parent=659"}],"curies":[{"name":"wp","href":"https:\/\/api.w.org\/{rel}","templated":true}]}}